{"id":23,"date":"2025-05-29T14:29:47","date_gmt":"2025-05-29T14:29:47","guid":{"rendered":"https:\/\/lionsempire.pl\/?page_id=23"},"modified":"2026-03-30T22:50:13","modified_gmt":"2026-03-30T22:50:13","slug":"manifest","status":"publish","type":"page","link":"https:\/\/lionsempire.pl\/index.php\/manifest\/","title":{"rendered":"MANIFEST"},"content":{"rendered":"\n<p><em>\u201eNie naprawiaj siebie. Zacznij siebie odzyskiwa\u0107.&#8221;<\/em><\/p>\n\n\n\n<p>Nie mam magicznej formu\u0142y. Nie mam odpowiedzi na wszystkie pytania.<\/p>\n\n\n\n<p>Ale mam w\u015bciek\u0142o\u015b\u0107. Na \u015bwiat, kt\u00f3ry uczy m\u0119\u017cczyzn milcze\u0107, zaciska\u0107 z\u0119by i \u201eradzi\u0107 sobie&#8221;. Kt\u00f3ry ka\u017ce nam udawa\u0107, \u017ce wszystko jest w porz\u0105dku, kiedy nie jest.<\/p>\n\n\n\n<p>Mam zm\u0119czenie. Po latach opakowywania pustki w j\u0119zyk skuteczno\u015bci. Po latach m\u00f3wienia ludziom, czego powinni chcie\u0107.<\/p>\n\n\n\n<p>I mam pami\u0119\u0107. O tym, jak to jest siedzie\u0107 w ciemno\u015bci i czu\u0107, \u017ce wszystko, co budowa\u0142e\u015b, \u0142\u0105cznie z Tob\u0105 samym, straci\u0142o sens.<\/p>\n\n\n\n<p>To nie jest manifest sukcesu.<\/p>\n\n\n\n<p>To jest g\u0142os kogo\u015b, kto zrozumia\u0142, \u017ce nie ka\u017cdy musi wygrywa\u0107. Ale ka\u017cdy zas\u0142uguje na to, \u017ceby \u017cy\u0107 w zgodzie ze sob\u0105, a nie w wersji, kt\u00f3ra lepiej wygl\u0105da na ekranie.<\/p>\n\n\n\n<p>Nie b\u0119d\u0119 Ci\u0119 uczy\u0142, jak by\u0107 lepszym. B\u0119d\u0119 z Tob\u0105 rozmawia\u0142 tak, jak nikt z Tob\u0105 nie rozmawia\u0142. Bez filtra. Bez tonu doradcy. Z miejsca, w kt\u00f3rym nic nie trzeba ju\u017c udowadnia\u0107.<\/p>\n\n\n\n<p>Prawdziwa si\u0142a nie przychodzi z lajk\u00f3w ani z kurs\u00f3w rozwoju osobistego. Przychodzi z prze\u017cycia momentu, w kt\u00f3rym nic nie ma sensu, a jednak wstajesz. Nie po to, \u017ceby udowadnia\u0107, ale \u017ceby dalej by\u0107 sob\u0105.<\/p>\n\n\n\n<p>Je\u015bli nadal tu jeste\u015b, to znaczy, \u017ce co\u015b w Tobie jeszcze \u017cyje. I to co\u015b jest wa\u017cniejsze ni\u017c ca\u0142y \u015bwiat, kt\u00f3ry pr\u00f3buje Ci powiedzie\u0107, jak masz \u017cy\u0107.<\/p>\n\n\n\n<p>Nie jeste\u015b zepsuty. Nie jeste\u015b sam. Mo\u017ce pierwszy raz kto\u015b m\u00f3wi Ci to tak, jak trzeba.<\/p>\n\n\n\n<p><em>Nie naprawiaj siebie. Zacznij siebie odzyskiwa\u0107.<\/em><\/p>\n","protected":false},"excerpt":{"rendered":"<p>\u201eNie naprawiaj siebie. Zacznij siebie odzyskiwa\u0107.&#8221; Nie mam magicznej formu\u0142y. Nie mam odpowiedzi na wszystkie pytania. Ale mam w\u015bciek\u0142o\u015b\u0107. Na \u015bwiat, kt\u00f3ry uczy m\u0119\u017cczyzn milcze\u0107, zaciska\u0107 z\u0119by i \u201eradzi\u0107 sobie&#8221;. Kt\u00f3ry ka\u017ce nam udawa\u0107, \u017ce wszystko jest w porz\u0105dku, kiedy nie jest. Mam zm\u0119czenie. Po latach opakowywania pustki w j\u0119zyk skuteczno\u015bci. Po latach m\u00f3wienia ludziom,&hellip;&nbsp;<\/p>\n","protected":false},"author":1,"featured_media":0,"parent":0,"menu_order":0,"comment_status":"closed","ping_status":"closed","template":"","meta":{"_uag_custom_page_level_css":"","neve_meta_sidebar":"","neve_meta_container":"","neve_meta_enable_content_width":"","neve_meta_content_width":0,"neve_meta_title_alignment":"","neve_meta_author_avatar":"","neve_post_elements_order":"","neve_meta_disable_header":"","neve_meta_disable_footer":"","neve_meta_disable_title":"","footnotes":""},"class_list":["post-23","page","type-page","status-publish","hentry"],"uagb_featured_image_src":{"full":false,"thumbnail":false,"medium":false,"medium_large":false,"large":false,"1536x1536":false,"2048x2048":false,"neve-blog":false},"uagb_author_info":{"display_name":"Micha\u0142 Kaps","author_link":"https:\/\/lionsempire.pl\/index.php\/author\/admin\/"},"uagb_comment_info":0,"uagb_excerpt":"\u201eNie naprawiaj siebie. Zacznij siebie odzyskiwa\u0107.&#8221; Nie mam magicznej formu\u0142y. Nie mam odpowiedzi na wszystkie pytania. Ale mam w\u015bciek\u0142o\u015b\u0107. Na \u015bwiat, kt\u00f3ry uczy m\u0119\u017cczyzn milcze\u0107, zaciska\u0107 z\u0119by i \u201eradzi\u0107 sobie&#8221;. Kt\u00f3ry ka\u017ce nam udawa\u0107, \u017ce wszystko jest w porz\u0105dku, kiedy nie jest. Mam zm\u0119czenie. Po latach opakowywania pustki w j\u0119zyk skuteczno\u015bci. Po latach m\u00f3wienia ludziom,&hellip;&nbsp;","_links":{"self":[{"href":"https:\/\/lionsempire.pl\/index.php\/wp-json\/wp\/v2\/pages\/23","targetHints":{"allow":["GET"]}}],"collection":[{"href":"https:\/\/lionsempire.pl\/index.php\/wp-json\/wp\/v2\/pages"}],"about":[{"href":"https:\/\/lionsempire.pl\/index.php\/wp-json\/wp\/v2\/types\/page"}],"author":[{"embeddable":true,"href":"https:\/\/lionsempire.pl\/index.php\/wp-json\/wp\/v2\/users\/1"}],"replies":[{"embeddable":true,"href":"https:\/\/lionsempire.pl\/index.php\/wp-json\/wp\/v2\/comments?post=23"}],"version-history":[{"count":6,"href":"https:\/\/lionsempire.pl\/index.php\/wp-json\/wp\/v2\/pages\/23\/revisions"}],"predecessor-version":[{"id":325,"href":"https:\/\/lionsempire.pl\/index.php\/wp-json\/wp\/v2\/pages\/23\/revisions\/325"}],"wp:attachment":[{"href":"https:\/\/lionsempire.pl\/index.php\/wp-json\/wp\/v2\/media?parent=23"}],"curies":[{"name":"wp","href":"https:\/\/api.w.org\/{rel}","templated":true}]}}