{"id":27,"date":"2025-05-29T14:30:17","date_gmt":"2025-05-29T14:30:17","guid":{"rendered":"https:\/\/lionsempire.pl\/?page_id=27"},"modified":"2025-10-27T21:26:52","modified_gmt":"2025-10-27T21:26:52","slug":"sprzedaz","status":"publish","type":"page","link":"https:\/\/lionsempire.pl\/index.php\/sprzedaz\/","title":{"rendered":"DLA FIRM \/ BIZNES"},"content":{"rendered":"\n<div class=\"wp-block-uagb-container uagb-block-78cdfefe alignfull uagb-is-root-container\"><div class=\"uagb-container-inner-blocks-wrap\">\n<div class=\"wp-block-uagb-container uagb-block-c71c0325\">\n<div class=\"wp-block-uagb-container uagb-block-1979998f\">\n<figure class=\"wp-block-image size-large\"><img loading=\"lazy\" decoding=\"async\" width=\"852\" height=\"1024\" src=\"https:\/\/lionsempire.pl\/wp-content\/uploads\/2025\/07\/DSC_1350-PSD-OK-852x1024.jpg\" alt=\"\" class=\"wp-image-142\" srcset=\"https:\/\/lionsempire.pl\/wp-content\/uploads\/2025\/07\/DSC_1350-PSD-OK-852x1024.jpg 852w, https:\/\/lionsempire.pl\/wp-content\/uploads\/2025\/07\/DSC_1350-PSD-OK-249x300.jpg 249w, https:\/\/lionsempire.pl\/wp-content\/uploads\/2025\/07\/DSC_1350-PSD-OK-768x924.jpg 768w, https:\/\/lionsempire.pl\/wp-content\/uploads\/2025\/07\/DSC_1350-PSD-OK-1277x1536.jpg 1277w, https:\/\/lionsempire.pl\/wp-content\/uploads\/2025\/07\/DSC_1350-PSD-OK-1703x2048.jpg 1703w\" sizes=\"auto, (max-width: 852px) 100vw, 852px\" \/><\/figure>\n<\/div>\n\n\n\n<div class=\"wp-block-uagb-container uagb-block-3d9c9214\">\n<p>Sprzeda\u017c to nie zaw\u00f3d. To konfrontacja.<\/p>\n<\/div>\n<\/div>\n\n\n\n<p><strong>Psychologia biznesu w praktyce<\/strong><\/p>\n\n\n\n<p>Od 16 lat jestem w sprzeda\u017cy. Nie zza biurka, w terenie, w drodze, mi\u0119dzy lud\u017ami.<br>Przez tysi\u0105ce spotka\u0144 nauczy\u0142em si\u0119, \u017ce sprzeda\u017c to nie techniki.<br>To psychologia. Emocje. I cz\u0142owiek po drugiej stronie, kt\u00f3ry widzi wi\u0119cej, ni\u017c ci si\u0119 wydaje.<\/p>\n\n\n\n<p>Dzi\u015b jako <strong>psycholog biznesu<\/strong> pomagam firmom rozwija\u0107 skuteczno\u015b\u0107 ich zespo\u0142\u00f3w handlowych, dzia\u0142\u00f3w HR oraz mened\u017cer\u00f3w sprzeda\u017cy, \u0142\u0105cz\u0105c wiedz\u0119 psychologiczn\u0105 z do\u015bwiadczeniem praktyka.<\/p>\n\n\n\n<p>Opracowa\u0142em i przeprowadzi\u0142em autorskie badanie nad wp\u0142ywem na\u015bladownictwa mimikry werbalnej w komunikacji telefonicznej z klientem, realizowane na w\u0142asnej bazie klient\u00f3w podczas wprowadzania mojego produktu na rynek.<br>Wyniki badania pokaza\u0142y, \u017ce niewerbalne aspekty j\u0119zyka: ton, tempo, struktura i dopasowanie s\u0142\u00f3w, realnie wp\u0142ywaj\u0105 na postrzeganie ceny, decyzj\u0119 o zakupie oraz zaufanie do sprzedawcy.<br>Dostarczaj\u0105 te\u017c warto\u015bciowych informacji, kt\u00f3re u\u0142atwiaj\u0105 wprowadzenie produktu na rynek w odpowiedzi na realne potrzeby klient\u00f3w.<\/p>\n\n\n\n<p><strong>Zakres wsp\u00f3\u0142pracy<\/strong><\/p>\n\n\n\n<p><strong>Indywidualne sesje z handlowcami \/ Konsultacje psychologiczne dla handlowc\u00f3w<\/strong><\/p>\n\n\n\n<ul class=\"wp-block-list\">\n<li>Analiza stylu komunikacji, motywacji i mechanizm\u00f3w obronnych w kontakcie z klientem.<\/li>\n\n\n\n<li>Praca nad wypaleniem, stresem i presj\u0105 wyniku.<\/li>\n\n\n\n<li>Odbudowa skuteczno\u015bci i pewno\u015bci siebie po spadkach wynik\u00f3w lub kryzysach osobistych.<\/li>\n<\/ul>\n\n\n\n<p><strong>Szkolenia sprzeda\u017cowe i negocjacyjne<\/strong><\/p>\n\n\n\n<ul class=\"wp-block-list\">\n<li>Oparte na realnych <strong>case studies klient\u00f3w<\/strong> i prawdziwych rozmowach.<\/li>\n\n\n\n<li>Praca na konkretnych przyk\u0142adach: od pierwszego kontaktu po finalizacj\u0119 transakcji.<\/li>\n\n\n\n<li>Tworzenie i analiza <strong>scenek sprzeda\u017cowych<\/strong> dopasowanych do profilu zespo\u0142u i bran\u017cy.<\/li>\n\n\n\n<li>Analiza potrzeb klienta, kategoryzacja i profilowanie klient\u00f3w<\/li>\n\n\n\n<li>Budowanie d\u0142ugotrwa\u0142ych relacji, z wykorzystaniem technik wywierania wp\u0142ywu i dopasowania ich do typu klienta<\/li>\n<\/ul>\n\n\n\n<p><strong>Analiza procesu sprzeda\u017cy<\/strong><\/p>\n\n\n\n<ul class=\"wp-block-list\">\n<li>Diagnoza etap\u00f3w procesu, kroki sprzeda\u017cy.<\/li>\n\n\n\n<li>Identyfikacja b\u0142\u0119d\u00f3w, zator\u00f3w komunikacyjnych i utraty motywacji.<\/li>\n\n\n\n<li>Wsp\u00f3lne wdra\u017canie zmian w codziennej pracy handlowc\u00f3w.<\/li>\n<\/ul>\n\n\n\n<p><strong>&nbsp;Profil idealnego handlowca<\/strong><\/p>\n\n\n\n<ul class=\"wp-block-list\">\n<li>Opracowanie psychologicznego profilu idealnego handlowca.<\/li>\n\n\n\n<li><strong>Testy osobowo\u015bci <\/strong>(Wielka Pi\u0105tka, Eysenck EQPR).<\/li>\n\n\n\n<li>Tworzenie scenek i assessment\u00f3w do weryfikacji kompetencji zawodowych.<\/li>\n\n\n\n<li>Ocena dopasowania kandydat\u00f3w do zespo\u0142u, kultury organizacyjnej i stylu klienta.<\/li>\n<\/ul>\n\n\n\n<p><strong>Badania i analiza rynku<\/strong><\/p>\n\n\n\n<ul class=\"wp-block-list\">\n<li>Wsp\u00f3\u0142praca przy badaniach marki, produktu i zachowa\u0144 konsumenckich.<\/li>\n\n\n\n<li>Psychologiczna interpretacja danych i odniesienia do teorii psychologicznych<\/li>\n\n\n\n<li>Strategie wprowadzenia produktu na rynek z wykorzystaniem technik psychologicznych w oparciu o badania i teorie<\/li>\n<\/ul>\n\n\n\n<p>#umiemwsprzeda\u017c<\/p>\n<\/div><\/div>\n\n\n\n<p><\/p>\n","protected":false},"excerpt":{"rendered":"<p>Sprzeda\u017c to nie zaw\u00f3d. To konfrontacja. Psychologia biznesu w praktyce Od 16 lat jestem w sprzeda\u017cy. Nie zza biurka, w terenie, w drodze, mi\u0119dzy lud\u017ami.Przez tysi\u0105ce spotka\u0144 nauczy\u0142em si\u0119, \u017ce sprzeda\u017c to nie techniki.To psychologia. Emocje. I cz\u0142owiek po drugiej stronie, kt\u00f3ry widzi wi\u0119cej, ni\u017c ci si\u0119 wydaje. Dzi\u015b jako psycholog biznesu pomagam firmom rozwija\u0107&hellip;&nbsp;<\/p>\n","protected":false},"author":1,"featured_media":0,"parent":0,"menu_order":0,"comment_status":"closed","ping_status":"closed","template":"","meta":{"_uag_custom_page_level_css":"","neve_meta_sidebar":"","neve_meta_container":"","neve_meta_enable_content_width":"","neve_meta_content_width":0,"neve_meta_title_alignment":"","neve_meta_author_avatar":"","neve_post_elements_order":"","neve_meta_disable_header":"","neve_meta_disable_footer":"","neve_meta_disable_title":"","footnotes":""},"class_list":["post-27","page","type-page","status-publish","hentry"],"uagb_featured_image_src":{"full":false,"thumbnail":false,"medium":false,"medium_large":false,"large":false,"1536x1536":false,"2048x2048":false,"neve-blog":false},"uagb_author_info":{"display_name":"Micha\u0142 Kaps","author_link":"https:\/\/lionsempire.pl\/index.php\/author\/admin\/"},"uagb_comment_info":0,"uagb_excerpt":"Sprzeda\u017c to nie zaw\u00f3d. To konfrontacja. Psychologia biznesu w praktyce Od 16 lat jestem w sprzeda\u017cy. Nie zza biurka, w terenie, w drodze, mi\u0119dzy lud\u017ami.Przez tysi\u0105ce spotka\u0144 nauczy\u0142em si\u0119, \u017ce sprzeda\u017c to nie techniki.To psychologia. Emocje. I cz\u0142owiek po drugiej stronie, kt\u00f3ry widzi wi\u0119cej, ni\u017c ci si\u0119 wydaje. Dzi\u015b jako psycholog biznesu pomagam firmom rozwija\u0107&hellip;&nbsp;","_links":{"self":[{"href":"https:\/\/lionsempire.pl\/index.php\/wp-json\/wp\/v2\/pages\/27","targetHints":{"allow":["GET"]}}],"collection":[{"href":"https:\/\/lionsempire.pl\/index.php\/wp-json\/wp\/v2\/pages"}],"about":[{"href":"https:\/\/lionsempire.pl\/index.php\/wp-json\/wp\/v2\/types\/page"}],"author":[{"embeddable":true,"href":"https:\/\/lionsempire.pl\/index.php\/wp-json\/wp\/v2\/users\/1"}],"replies":[{"embeddable":true,"href":"https:\/\/lionsempire.pl\/index.php\/wp-json\/wp\/v2\/comments?post=27"}],"version-history":[{"count":8,"href":"https:\/\/lionsempire.pl\/index.php\/wp-json\/wp\/v2\/pages\/27\/revisions"}],"predecessor-version":[{"id":299,"href":"https:\/\/lionsempire.pl\/index.php\/wp-json\/wp\/v2\/pages\/27\/revisions\/299"}],"wp:attachment":[{"href":"https:\/\/lionsempire.pl\/index.php\/wp-json\/wp\/v2\/media?parent=27"}],"curies":[{"name":"wp","href":"https:\/\/api.w.org\/{rel}","templated":true}]}}