{"id":8,"date":"2025-05-28T20:41:20","date_gmt":"2025-05-28T20:41:20","guid":{"rendered":"https:\/\/lionsempire.pl\/?page_id=8"},"modified":"2026-03-30T22:18:19","modified_gmt":"2026-03-30T22:18:19","slug":"psychologia-biznesu","status":"publish","type":"page","link":"https:\/\/lionsempire.pl\/","title":{"rendered":"LIONS EMPIRE SP. Z O.O"},"content":{"rendered":"\n<figure class=\"wp-block-video\"><video autoplay loop muted src=\"https:\/\/lionsempire.pl\/wp-content\/uploads\/2025\/05\/RENDER-COMP-.mp4\" playsinline><\/video><\/figure>\n\n\n\n<div style=\"background-color:#0e0e0e; padding:40px; border-top:3px solid #f2c94c; color:#fff; text-align:center; font-family:'Arial', sans-serif;\">\n  <h2 style=\"font-size:20px; margin-bottom:10px;\">Zapisz si\u0119 na darmowy newsletter Lions Empire<\/h2>\n  <p style=\"font-size:14px; color:#aaa; margin-bottom:25px;\">Czy zdarza Ci si\u0119 zatrzyma\u0107 nad tym, jak cz\u0119sto codzienne wybory kszta\u0142tuj\u0105 nasze \u017cycie? W \u015bwiecie pe\u0142nym bod\u017ac\u00f3w warto znale\u017a\u0107 chwil\u0119 na refleksj\u0119 i dostrzec to, co naprawd\u0119 istotne. Zapisuj\u0105c si\u0119 do naszego newslettera, otrzymasz inspiruj\u0105ce przemy\u015blenia oraz praktyczne wskaz\u00f3wki, kt\u00f3re pomog\u0105 spojrze\u0107 na siebie i otaczaj\u0105cy \u015bwiat z nowej perspektywy.<\/p>\n  <form action=\"\/?na=s\" method=\"post\" class=\"newsletter\">\n    <input type=\"email\" name=\"ne\" required placeholder=\"Tw\u00f3j e-mail\" style=\"padding:10px; width:260px; max-width:90%; border:none; border-radius:6px; margin-bottom:10px; font-size:14px;\">\n    <br>\n    <input type=\"submit\" value=\"Subskrybuj\" style=\"padding:10px 24px; background-color:#f2c94c; color:#000; font-weight:bold; border:none; border-radius:6px; cursor:pointer; margin-top:10px; font-size:14px;\">\n    <br>\n    <label style=\"font-size:12px; color:#777;\">\n      <input type=\"checkbox\" required> Akceptuj\u0119 <a href=\"\/polityka-prywatnosci\" style=\"color:#f2c94c;\">polityk\u0119 prywatno\u015bci<\/a>\n    <\/label>\n  <\/form>\n<\/div>\n\n\n\n<p><\/p>\n","protected":false},"excerpt":{"rendered":"<p>Zapisz si\u0119 na darmowy newsletter Lions Empire Czy zdarza Ci si\u0119 zatrzyma\u0107 nad tym, jak cz\u0119sto codzienne wybory kszta\u0142tuj\u0105 nasze \u017cycie? W \u015bwiecie pe\u0142nym bod\u017ac\u00f3w warto znale\u017a\u0107 chwil\u0119 na refleksj\u0119 i dostrzec to, co naprawd\u0119 istotne. Zapisuj\u0105c si\u0119 do naszego newslettera, otrzymasz inspiruj\u0105ce przemy\u015blenia oraz praktyczne wskaz\u00f3wki, kt\u00f3re pomog\u0105 spojrze\u0107 na siebie i otaczaj\u0105cy \u015bwiat&hellip;&nbsp;<\/p>\n","protected":false},"author":1,"featured_media":0,"parent":0,"menu_order":0,"comment_status":"closed","ping_status":"closed","template":"page-templates\/template-pagebuilder-full-width.php","meta":{"_uag_custom_page_level_css":"","neve_meta_sidebar":"","neve_meta_container":"full-width","neve_meta_enable_content_width":"","neve_meta_content_width":0,"neve_meta_title_alignment":"","neve_meta_author_avatar":"","neve_post_elements_order":"","neve_meta_disable_header":"","neve_meta_disable_footer":"","neve_meta_disable_title":"","footnotes":""},"class_list":["post-8","page","type-page","status-publish","hentry"],"uagb_featured_image_src":{"full":false,"thumbnail":false,"medium":false,"medium_large":false,"large":false,"1536x1536":false,"2048x2048":false,"neve-blog":false},"uagb_author_info":{"display_name":"Micha\u0142 Kaps","author_link":"https:\/\/lionsempire.pl\/index.php\/author\/admin\/"},"uagb_comment_info":0,"uagb_excerpt":"Zapisz si\u0119 na darmowy newsletter Lions Empire Czy zdarza Ci si\u0119 zatrzyma\u0107 nad tym, jak cz\u0119sto codzienne wybory kszta\u0142tuj\u0105 nasze \u017cycie? W \u015bwiecie pe\u0142nym bod\u017ac\u00f3w warto znale\u017a\u0107 chwil\u0119 na refleksj\u0119 i dostrzec to, co naprawd\u0119 istotne. Zapisuj\u0105c si\u0119 do naszego newslettera, otrzymasz inspiruj\u0105ce przemy\u015blenia oraz praktyczne wskaz\u00f3wki, kt\u00f3re pomog\u0105 spojrze\u0107 na siebie i otaczaj\u0105cy \u015bwiat&hellip;&nbsp;","_links":{"self":[{"href":"https:\/\/lionsempire.pl\/index.php\/wp-json\/wp\/v2\/pages\/8","targetHints":{"allow":["GET"]}}],"collection":[{"href":"https:\/\/lionsempire.pl\/index.php\/wp-json\/wp\/v2\/pages"}],"about":[{"href":"https:\/\/lionsempire.pl\/index.php\/wp-json\/wp\/v2\/types\/page"}],"author":[{"embeddable":true,"href":"https:\/\/lionsempire.pl\/index.php\/wp-json\/wp\/v2\/users\/1"}],"replies":[{"embeddable":true,"href":"https:\/\/lionsempire.pl\/index.php\/wp-json\/wp\/v2\/comments?post=8"}],"version-history":[{"count":57,"href":"https:\/\/lionsempire.pl\/index.php\/wp-json\/wp\/v2\/pages\/8\/revisions"}],"predecessor-version":[{"id":320,"href":"https:\/\/lionsempire.pl\/index.php\/wp-json\/wp\/v2\/pages\/8\/revisions\/320"}],"wp:attachment":[{"href":"https:\/\/lionsempire.pl\/index.php\/wp-json\/wp\/v2\/media?parent=8"}],"curies":[{"name":"wp","href":"https:\/\/api.w.org\/{rel}","templated":true}]}}